{"id":52,"date":"2015-06-02T17:46:00","date_gmt":"2015-06-02T15:46:00","guid":{"rendered":"http:\/\/ecbiz172.inmotionhosting.com\/~cultur53\/ortodossia.eu\/?page_id=52"},"modified":"2022-11-08T02:43:39","modified_gmt":"2022-11-08T00:43:39","slug":"contatti","status":"publish","type":"page","link":"https:\/\/www.ortodossia.eu\/index.php\/contatti\/","title":{"rendered":"Contatti"},"content":{"rendered":"<h1>Comunit\u00e0 Ortodossa della Svizzera Italiana<\/h1>\n<p><strong>Via Madonetta 13, Lugano, Svizzera<\/strong><\/p>\n<h4>Padre Bogdan Dinc\u0103<\/h4>\n<p>Tel. +41 79 699 26 42<\/p>\n<p>* * *<\/p>\n<p>Dal punto di vista canonico la nostra comunit\u00e0 \u00e8 sotto la<b> <\/b>giurisdizione della <b>Metropolia Ortodossa Romena dell\u2019Europa Occidentale e Meridionale, <\/b>con sede a Parigi, il cui metropolita \u00e8 Sua Eminenza Monsignor Iosif<b>.<\/b><\/p>\n<p>Protopresbitero per la Svizzera: Padre Adrian Diaconu (Ginevra)<\/p>\n<ul>\n<li>cell: 0041 (0)79 689 18 17<\/li>\n<li>email: <a>diaconu.adrian@gmail.com<\/a><\/li>\n<li>email: <a href=\"mailto:protopopiatul.elvetiei@mitropolia.eu\" target=\"_blank\" rel=\"noopener\">protopopiatul.elvetiei@<wbr \/>mitropolia.eu<\/a><\/li>\n<\/ul>\n<p><iframe loading=\"lazy\" src=\"https:\/\/maps.google.it\/maps?f=q&amp;source=s_q&amp;hl=it&amp;geocode=&amp;q=Via+Madonnetta+13,+Lugano,+Svizzera&amp;aq=0&amp;oq=Via+Madonetta+13,+lugano&amp;sll=41.29085,12.71216&amp;sspn=24.393172,39.506836&amp;ie=UTF8&amp;hq=&amp;hnear=Via+Madonnetta+13,+6900+Lugano,+Ticino,+Svizzera&amp;t=m&amp;ll=46.015741,8.958063&amp;spn=0.028611,0.054932&amp;z=14&amp;iwloc=A&amp;output=embed\" width=\"640\" height=\"480\" frameborder=\"0\" marginwidth=\"0\" marginheight=\"0\" scrolling=\"no\"><\/iframe><br \/>\n<small><a href=\"https:\/\/maps.google.it\/maps?f=q&amp;source=embed&amp;hl=it&amp;geocode=&amp;q=Via+Madonnetta+13,+Lugano,+Svizzera&amp;aq=0&amp;oq=Via+Madonetta+13,+lugano&amp;sll=41.29085,12.71216&amp;sspn=24.393172,39.506836&amp;ie=UTF8&amp;hq=&amp;hnear=Via+Madonnetta+13,+6900+Lugano,+Ticino,+Svizzera&amp;t=m&amp;ll=46.015741,8.958063&amp;spn=0.028611,0.054932&amp;z=14&amp;iwloc=A\">Visualizzazione ingrandita della mappa<\/a><\/small><\/p>\n","protected":false},"excerpt":{"rendered":"<p>Comunit\u00e0 Ortodossa della Svizzera Italiana Via Madonetta 13, Lugano, Svizzera Padre Bogdan Dinc\u0103 Tel. +41 79 699 26 42 * * * Dal punto di vista canonico la nostra comunit\u00e0 \u00e8 sotto la giurisdizione della Metropolia Ortodossa Romena dell\u2019Europa Occidentale e Meridionale, con sede a Parigi, il cui metropolita \u00e8 Sua Eminenza Monsignor Iosif. Protopresbitero &hellip; <a href=\"https:\/\/www.ortodossia.eu\/index.php\/contatti\/\" class=\"more-link\">Continue reading <span class=\"screen-reader-text\">Contatti<\/span><\/a><\/p>\n","protected":false},"author":1,"featured_media":0,"parent":0,"menu_order":4,"comment_status":"closed","ping_status":"open","template":"","meta":{"_acf_changed":false,"footnotes":""},"class_list":["post-52","page","type-page","status-publish","hentry"],"acf":[],"_links":{"self":[{"href":"https:\/\/www.ortodossia.eu\/index.php\/wp-json\/wp\/v2\/pages\/52","targetHints":{"allow":["GET"]}}],"collection":[{"href":"https:\/\/www.ortodossia.eu\/index.php\/wp-json\/wp\/v2\/pages"}],"about":[{"href":"https:\/\/www.ortodossia.eu\/index.php\/wp-json\/wp\/v2\/types\/page"}],"author":[{"embeddable":true,"href":"https:\/\/www.ortodossia.eu\/index.php\/wp-json\/wp\/v2\/users\/1"}],"replies":[{"embeddable":true,"href":"https:\/\/www.ortodossia.eu\/index.php\/wp-json\/wp\/v2\/comments?post=52"}],"version-history":[{"count":5,"href":"https:\/\/www.ortodossia.eu\/index.php\/wp-json\/wp\/v2\/pages\/52\/revisions"}],"predecessor-version":[{"id":209,"href":"https:\/\/www.ortodossia.eu\/index.php\/wp-json\/wp\/v2\/pages\/52\/revisions\/209"}],"wp:attachment":[{"href":"https:\/\/www.ortodossia.eu\/index.php\/wp-json\/wp\/v2\/media?parent=52"}],"curies":[{"name":"wp","href":"https:\/\/api.w.org\/{rel}","templated":true}]}}